{"id":7329,"date":"2021-04-06T14:47:14","date_gmt":"2021-04-06T12:47:14","guid":{"rendered":"https:\/\/onvolt.pl\/produkt\/li-ion-7s-50a-bms-module\/"},"modified":"2025-07-14T10:29:56","modified_gmt":"2025-07-14T08:29:56","slug":"modul-bms-7s-24v-50a-li-ion","status":"publish","type":"product","link":"https:\/\/onvolt.pl\/en\/products\/modul-bms-7s-24v-50a-li-ion\/","title":{"rendered":"BMS Li-Ion 7S 50A"},"content":{"rendered":"<p>[et_pb_section fb_built=&#8221;1&#8243; _builder_version=&#8221;4.16&#8243; custom_padding=&#8221;0px||||false|false&#8221; global_colors_info=&#8221;{}&#8221;][et_pb_row _builder_version=&#8221;4.16&#8243; background_size=&#8221;initial&#8221; background_position=&#8221;top_left&#8221; background_repeat=&#8221;repeat&#8221; width=&#8221;100%&#8221; custom_padding=&#8221;0px||0px||false|false&#8221; global_colors_info=&#8221;{}&#8221;][et_pb_column type=&#8221;4_4&#8243; _builder_version=&#8221;4.16&#8243; custom_padding=&#8221;|||&#8221; global_colors_info=&#8221;{}&#8221; custom_padding__hover=&#8221;|||&#8221;][et_pb_wc_breadcrumb _builder_version=&#8221;4.16&#8243; global_colors_info=&#8221;{}&#8221;][\/et_pb_wc_breadcrumb][et_pb_wc_cart_notice _builder_version=&#8221;4.16&#8243; global_colors_info=&#8221;{}&#8221;][\/et_pb_wc_cart_notice][\/et_pb_column][\/et_pb_row][et_pb_row column_structure=&#8221;1_2,1_2&#8243; _builder_version=&#8221;4.16&#8243; background_size=&#8221;initial&#8221; background_position=&#8221;top_left&#8221; background_repeat=&#8221;repeat&#8221; width=&#8221;100%&#8221; custom_padding=&#8221;0px||||false|false&#8221; global_colors_info=&#8221;{}&#8221;][et_pb_column type=&#8221;1_2&#8243; _builder_version=&#8221;4.16&#8243; custom_padding=&#8221;|||&#8221; global_colors_info=&#8221;{}&#8221; custom_padding__hover=&#8221;|||&#8221;][et_pb_wc_images _builder_version=&#8221;4.16&#8243; global_colors_info=&#8221;{}&#8221;][\/et_pb_wc_images][\/et_pb_column][et_pb_column type=&#8221;1_2&#8243; _builder_version=&#8221;4.16&#8243; custom_padding=&#8221;|||&#8221; global_colors_info=&#8221;{}&#8221; custom_padding__hover=&#8221;|||&#8221;][et_pb_wc_title _builder_version=&#8221;4.16&#8243; global_colors_info=&#8221;{}&#8221;][\/et_pb_wc_title][et_pb_wc_rating _builder_version=&#8221;4.16&#8243; global_colors_info=&#8221;{}&#8221;][\/et_pb_wc_rating][et_pb_wc_price _builder_version=&#8221;4.16&#8243; global_colors_info=&#8221;{}&#8221;][\/et_pb_wc_price][et_pb_wc_description _builder_version=&#8221;4.16&#8243; global_colors_info=&#8221;{}&#8221;][\/et_pb_wc_description][et_pb_wc_add_to_cart _builder_version=&#8221;4.16&#8243; global_colors_info=&#8221;{}&#8221;][\/et_pb_wc_add_to_cart][et_pb_wc_meta _builder_version=&#8221;4.16&#8243; global_colors_info=&#8221;{}&#8221;][\/et_pb_wc_meta][\/et_pb_column][\/et_pb_row][et_pb_row _builder_version=&#8221;4.16&#8243; background_size=&#8221;initial&#8221; background_position=&#8221;top_left&#8221; background_repeat=&#8221;repeat&#8221; width=&#8221;100%&#8221; global_colors_info=&#8221;{}&#8221;][et_pb_column type=&#8221;4_4&#8243; _builder_version=&#8221;4.16&#8243; custom_padding=&#8221;|||&#8221; global_colors_info=&#8221;{}&#8221; custom_padding__hover=&#8221;|||&#8221;][et_pb_wc_tabs _builder_version=&#8221;4.16&#8243; global_colors_info=&#8221;{}&#8221;][\/et_pb_wc_tabs][et_pb_wc_upsells _builder_version=&#8221;4.16&#8243; global_colors_info=&#8221;{}&#8221;][\/et_pb_wc_upsells][et_pb_wc_related_products _builder_version=&#8221;4.16&#8243; global_colors_info=&#8221;{}&#8221;][\/et_pb_wc_related_products][\/et_pb_column][\/et_pb_row][\/et_pb_section]<\/p>\n","protected":false},"excerpt":{"rendered":"<p>BMS module for Li-Ion packages<\/p>\n<p><a href=\"https:\/\/onvolt.pl\/wp-content\/uploads\/2023\/07\/Instrukcja-podlaczenia-BMS-do-pakietu-ogniw-2.pdf\">Instructions for connecting the BMS to the cell pack<\/a><\/p>\n<ul>\n<li><b>Voltage: <\/b>24V 7S<\/li>\n<li><b>Brand name: <\/b>DALY<\/li>\n<li><b>Cell type: <\/b>lithium-ion (Li-Ion)<\/li>\n<li><b>Maximum charging voltage: <\/b>29,4V<\/li>\n<li><b>Maximum charging current: <\/b>25A<\/li>\n<li><b>Maximum continuous discharge current: <\/b>50A<\/li>\n<li><b>Outlets: <\/b>2x6mm\u00b2 (AWG10) wire.<\/li>\n<li><b>Overcharge protection: <\/b>4,25V +\/-0,05<\/li>\n<li><b>Discharge protection: <\/b>2,7V +\/-0,1<\/li>\n<li><b>Idle current consumption: <\/b>100\u00b5A<\/li>\n<li><b>Balancing current: <\/b>30mA +\/-5<\/li>\n<li><b>Dimensions: <\/b>75x48x9<\/li>\n<li><b>Weight: <\/b>85<\/li>\n<\/ul>\n","protected":false},"featured_media":35733,"template":"","meta":{"_et_pb_use_builder":"on","_et_pb_old_content":"Modu\u0142 BMS do zabezpieczenia przed zwarciem, prze\u0142adowaniem, nadmiernym roz\u0142adowaniem i funkcj\u0105 wyr\u00f3wnywania napi\u0119\u0107 poszczeg\u00f3lnych cel.\r\n\r\nPrzeznaczony <strong>wy\u0142\u0105cznie do pakiet\u00f3w Li-Ion<\/strong>\r\n\r\nUk\u0142ad dostarczany jako gotowy do pracy przy standardowych parametrach, odpowiadaj\u0105cych ogniwom dost\u0119pnym na rynku.\r\n\r\nNowoczesna konstrukcja uk\u0142adu zapewnia\r\n<ul>\r\n \t<li>Odporno\u015b\u0107 na kurz, wibracje, uderzenia -idealny do wymagaj\u0105cych zastosowa\u0144.<\/li>\r\n \t<li>Wodoodporno\u015b\u0107 - przez kr\u00f3tki czas uk\u0142ad mo\u017ce pracowa\u0107 nawet pod wod\u0105.<\/li>\r\n \t<li>Wsp\u00f3lny port zasilania- nie wymaga doprowadzenia osobnego kabla od \u0142adowarki<\/li>\r\n \t<li>Mniejsze wydzielanie ciep\u0142a przy tym samym obci\u0105\u017ceniu, ni\u017c uk\u0142ady konkurencyjne<\/li>\r\n<\/ul>\r\nDostarczany w komplecie z kablem do pod\u0142\u0105czenia poszczeg\u00f3lnych ogniw.\r\n\r\nPrzed monta\u017cem uk\u0142adu prosimy zapozna\u0107 si\u0119 z za\u0142\u0105czon\u0105 instrukcj\u0105.","_et_gb_content_width":""},"product_brand":[],"product_cat":[1924,1598],"product_tag":[883,871,872,881,875,869,876,879,873,882,880,874],"class_list":{"0":"post-7329","1":"product","2":"type-product","3":"status-publish","4":"has-post-thumbnail","6":"product_cat-7s-li-ion-en-2","7":"product_cat-new-in-deals","8":"product_tag-balancer","9":"product_tag-battery-management-system","10":"product_tag-bms-module","11":"product_tag-bms-scheme","12":"product_tag-cell-protection-module","13":"product_tag-li-ion-battery","14":"product_tag-li-ion-cells","15":"product_tag-pcb-en","16":"product_tag-pcb-module","17":"product_tag-pcb-scheme","18":"product_tag-pcm-en","19":"product_tag-pcm-module","20":"pa_maks-ciagly-prad-rozladown-50a-en","21":"pa_maksymalne-napiecie-ladowania-294v-en","22":"pa_maksymalny-prad-ladowania-25a-en","23":"pa_marka-daly-en","24":"pa_napiecie-akumulatora-259v-7s-en","25":"pa_pobor-pradu-w-czasie-pracy-100a-en","26":"pa_prad-balansowania-ogniw-30ma-5-en","27":"pa_typ-ogniwa-lithium-ion-li-ion","28":"pa_waga-85g-en","29":"pa_wymiary-75x48x9mm-en","30":"pa_wyprowadzenia-wire-2x6mm-awg10","32":"first","33":"outofstock","34":"taxable","35":"shipping-taxable","36":"purchasable","37":"product-type-simple"},"_links":{"self":[{"href":"https:\/\/onvolt.pl\/en\/wp-json\/wp\/v2\/product\/7329","targetHints":{"allow":["GET"]}}],"collection":[{"href":"https:\/\/onvolt.pl\/en\/wp-json\/wp\/v2\/product"}],"about":[{"href":"https:\/\/onvolt.pl\/en\/wp-json\/wp\/v2\/types\/product"}],"wp:featuredmedia":[{"embeddable":true,"href":"https:\/\/onvolt.pl\/en\/wp-json\/wp\/v2\/media\/35733"}],"wp:attachment":[{"href":"https:\/\/onvolt.pl\/en\/wp-json\/wp\/v2\/media?parent=7329"}],"wp:term":[{"taxonomy":"product_brand","embeddable":true,"href":"https:\/\/onvolt.pl\/en\/wp-json\/wp\/v2\/product_brand?post=7329"},{"taxonomy":"product_cat","embeddable":true,"href":"https:\/\/onvolt.pl\/en\/wp-json\/wp\/v2\/product_cat?post=7329"},{"taxonomy":"product_tag","embeddable":true,"href":"https:\/\/onvolt.pl\/en\/wp-json\/wp\/v2\/product_tag?post=7329"}],"curies":[{"name":"wp","href":"https:\/\/api.w.org\/{rel}","templated":true}]}}