{"id":19021,"date":"2024-07-29T19:31:42","date_gmt":"2024-07-29T17:31:42","guid":{"rendered":"https:\/\/onvolt.pl\/?post_type=product&#038;p=19021"},"modified":"2025-03-18T11:13:21","modified_gmt":"2025-03-18T10:13:21","slug":"bms-module-li-ion-13s-60a-t-h-series-standard","status":"publish","type":"product","link":"https:\/\/onvolt.pl\/en\/products\/bms-module-li-ion-13s-60a-t-h-series-standard\/","title":{"rendered":"LiIon 13S 60A T H-Series Standard BMS Module."},"content":{"rendered":"<p>BMS module for protection against short-circuit, overcharge, over-discharge and voltage equalization function of individual cells.<\/p>\n<p>Designed <strong>for Li-Ion packs only<\/strong><\/p>\n<p>The system is supplied ready to work with standard parameters, corresponding to cells available on the market.<\/p>\n<p>The modern design of the system provides<\/p>\n<ul>\n<li>Resistant to dust, vibration, impact-ideal for demanding applications.<\/li>\n<li>Common power port-no need to bring a separate cable from the charger<\/li>\n<li>Lower heat dissipation at the same load than competing chips<\/li>\n<li>Passive balancing current 100mA<\/li>\n<li>Reduced power consumption for the BMS&#8217;s own needs<\/li>\n<\/ul>\n<p>Supplied complete with a cable to connect individual cells and an NTC temperature probe.<\/p>\n<p>Before installing the system, please read the attached instructions.<\/p>\n","protected":false},"excerpt":{"rendered":"<p><strong>Modu\u0142 BMS do pakiet\u00f3w Li-Ion<\/strong><\/p>\n<p><a href=\"https:\/\/onvolt.pl\/wp-content\/uploads\/2024\/09\/Instrukcja-podlaczenia-BMS-do-pakietu-ogniw.pdf\">Instrukcja pod\u0142\u0105czenia i u\u017cytkowania BMS G,H,K,M,S<\/a><\/p>\n<p><a href=\"https:\/\/onvolt.pl\/wp-content\/uploads\/2023\/07\/Zasady-doboru-BMS-do-pakietu-akumulatorowego.pdf\">Zasady doboru BMS do pakietu akumulatorowego<\/a><\/p>\n","protected":false},"featured_media":33127,"template":"","meta":{"_et_pb_use_builder":"","_et_pb_old_content":"","_et_gb_content_width":""},"product_brand":[],"product_cat":[1964,1598],"product_tag":[883,871,872,881,875,869,876,879,873,882,880,874],"class_list":{"0":"post-19021","1":"product","2":"type-product","3":"status-publish","4":"has-post-thumbnail","6":"product_cat-11s-13s-li-ion","7":"product_cat-new-in-deals","8":"product_tag-balancer","9":"product_tag-battery-management-system","10":"product_tag-bms-module","11":"product_tag-bms-scheme","12":"product_tag-cell-protection-module","13":"product_tag-li-ion-battery","14":"product_tag-li-ion-cells","15":"product_tag-pcb-en","16":"product_tag-pcb-module","17":"product_tag-pcb-scheme","18":"product_tag-pcm-en","19":"product_tag-pcm-module","20":"pa_maks-ciagly-prad-rozladown-60a-en","21":"pa_maksymalne-napiecie-ladowania-546v-en","22":"pa_maksymalny-prad-ladowania-60a-en","23":"pa_marka-daly-en","24":"pa_napiecie-akumulatora-48v-13s-en","25":"pa_prad-balansowania-ogniw-100ma-en","26":"pa_typ-ogniwa-lithium-ion-li-ion","27":"pa_wymiary-123x65x14mm-en","28":"pa_wyprowadzenia-wire-2x6mm-awg10","30":"first","31":"onbackorder","32":"taxable","33":"shipping-taxable","34":"purchasable","35":"product-type-simple"},"_links":{"self":[{"href":"https:\/\/onvolt.pl\/en\/wp-json\/wp\/v2\/product\/19021","targetHints":{"allow":["GET"]}}],"collection":[{"href":"https:\/\/onvolt.pl\/en\/wp-json\/wp\/v2\/product"}],"about":[{"href":"https:\/\/onvolt.pl\/en\/wp-json\/wp\/v2\/types\/product"}],"wp:featuredmedia":[{"embeddable":true,"href":"https:\/\/onvolt.pl\/en\/wp-json\/wp\/v2\/media\/33127"}],"wp:attachment":[{"href":"https:\/\/onvolt.pl\/en\/wp-json\/wp\/v2\/media?parent=19021"}],"wp:term":[{"taxonomy":"product_brand","embeddable":true,"href":"https:\/\/onvolt.pl\/en\/wp-json\/wp\/v2\/product_brand?post=19021"},{"taxonomy":"product_cat","embeddable":true,"href":"https:\/\/onvolt.pl\/en\/wp-json\/wp\/v2\/product_cat?post=19021"},{"taxonomy":"product_tag","embeddable":true,"href":"https:\/\/onvolt.pl\/en\/wp-json\/wp\/v2\/product_tag?post=19021"}],"curies":[{"name":"wp","href":"https:\/\/api.w.org\/{rel}","templated":true}]}}