{"id":18826,"date":"2024-07-28T11:22:02","date_gmt":"2024-07-28T09:22:02","guid":{"rendered":"https:\/\/onvolt.pl\/?post_type=product&#038;p=18826"},"modified":"2025-03-18T11:13:52","modified_gmt":"2025-03-18T10:13:52","slug":"bms-lifepo4-8s-40a-t-k-series-standard","status":"publish","type":"product","link":"https:\/\/onvolt.pl\/en\/products\/bms-lifepo4-8s-40a-t-k-series-standard\/","title":{"rendered":"BMS module LiFePO4 8S 40A T H-Series Standard"},"content":{"rendered":"<p>BMS module for protection against short-circuit, overcharge, over-discharge and voltage equalization function of individual cells.<\/p>\n<p>Designed <strong>exclusively for LiFePO4 packs<\/strong><\/p>\n<p>The system is supplied ready to work with standard parameters, corresponding to cells available on the market.<\/p>\n<p>The modern design of the system provides<\/p>\n<ul>\n<li>Resistant to dust, vibration, impact-ideal for demanding applications.<\/li>\n<li>Common power port-no need to bring a separate cable from the charger<\/li>\n<li>Lower heat dissipation at the same load than competing chips<\/li>\n<li>Passive balancing current 100mA<\/li>\n<li>Reduced power consumption for the BMS&#8217;s own needs<\/li>\n<\/ul>\n<p>Supplied complete with a cable to connect individual cells and an NTC temperature probe.<\/p>\n<p>Before installing the system, please read the attached instructions.<\/p>\n","protected":false},"excerpt":{"rendered":"<p><strong>Modu\u0142 BMS do pakiet\u00f3w LiFePO4<\/strong><\/p>\n<p><a href=\"https:\/\/onvolt.pl\/wp-content\/uploads\/2024\/09\/Instrukcja-podlaczenia-BMS-do-pakietu-ogniw.pdf\">Instrukcja pod\u0142\u0105czenia i u\u017cytkowania BMS G,H,K,M,S<\/a><\/p>\n<p><a href=\"https:\/\/onvolt.pl\/wp-content\/uploads\/2023\/07\/Zasady-doboru-BMS-do-pakietu-akumulatorowego.pdf\">Zasady doboru BMS do pakietu akumulatorowego<\/a><\/p>\n","protected":false},"featured_media":33433,"template":"","meta":{"_et_pb_use_builder":"","_et_pb_old_content":"","_et_gb_content_width":""},"product_brand":[],"product_cat":[1841,1598],"product_tag":[883,871,872,881,875,870,877,868,878,879,873,882,880,874],"class_list":{"0":"post-18826","1":"product","2":"type-product","3":"status-publish","4":"has-post-thumbnail","6":"product_cat-8s-lifepo4-en-en","7":"product_cat-new-in-deals","8":"product_tag-balancer","9":"product_tag-battery-management-system","10":"product_tag-bms-module","11":"product_tag-bms-scheme","12":"product_tag-cell-protection-module","13":"product_tag-life-battery","14":"product_tag-life-cells","15":"product_tag-lifepo4-battery","16":"product_tag-lifepo4-cells","17":"product_tag-pcb-en","18":"product_tag-pcb-module","19":"product_tag-pcb-scheme","20":"product_tag-pcm-en","21":"product_tag-pcm-module","22":"pa_maks-ciagly-prad-rozladown-40a-en","23":"pa_maksymalne-napiecie-ladowania-292-v-en","24":"pa_maksymalny-prad-ladowania-40a-en","25":"pa_marka-daly-en","26":"pa_napiecie-akumulatora-256v-8s-en","27":"pa_prad-balansowania-ogniw-100ma-en","28":"pa_typ-ogniwa-lifepo4-en","29":"pa_wymiary-123x65x14mm-en","30":"pa_wyprowadzenia-wire-2x6mm-awg10","32":"first","33":"instock","34":"taxable","35":"shipping-taxable","36":"purchasable","37":"product-type-simple"},"_links":{"self":[{"href":"https:\/\/onvolt.pl\/en\/wp-json\/wp\/v2\/product\/18826","targetHints":{"allow":["GET"]}}],"collection":[{"href":"https:\/\/onvolt.pl\/en\/wp-json\/wp\/v2\/product"}],"about":[{"href":"https:\/\/onvolt.pl\/en\/wp-json\/wp\/v2\/types\/product"}],"wp:featuredmedia":[{"embeddable":true,"href":"https:\/\/onvolt.pl\/en\/wp-json\/wp\/v2\/media\/33433"}],"wp:attachment":[{"href":"https:\/\/onvolt.pl\/en\/wp-json\/wp\/v2\/media?parent=18826"}],"wp:term":[{"taxonomy":"product_brand","embeddable":true,"href":"https:\/\/onvolt.pl\/en\/wp-json\/wp\/v2\/product_brand?post=18826"},{"taxonomy":"product_cat","embeddable":true,"href":"https:\/\/onvolt.pl\/en\/wp-json\/wp\/v2\/product_cat?post=18826"},{"taxonomy":"product_tag","embeddable":true,"href":"https:\/\/onvolt.pl\/en\/wp-json\/wp\/v2\/product_tag?post=18826"}],"curies":[{"name":"wp","href":"https:\/\/api.w.org\/{rel}","templated":true}]}}