{"id":16558,"date":"2024-05-17T08:22:51","date_gmt":"2024-05-17T06:22:51","guid":{"rendered":"https:\/\/onvolt.pl\/?post_type=product&#038;p=16558"},"modified":"2025-04-30T21:48:06","modified_gmt":"2025-04-30T19:48:06","slug":"voltage-indicator-for-bms-smart-daly-hkms","status":"publish","type":"product","link":"https:\/\/onvolt.pl\/en\/products\/voltage-indicator-for-bms-smart-daly-hkms\/","title":{"rendered":"LCD 3&#8243; Voltage indicator for BMS SMART Daly H, K, M, S, 100Balance"},"content":{"rendered":"<p><strong>LCD 3&#8243; Voltage indicator BMS SMART Daly H, K, M, S, 100Balance Series<\/strong><\/p>\n<ul>\n<li>Indicator intended <strong>only for H, K, M, S, 100Balance Series<\/strong> from Daly.<\/li>\n<li>The primary function of the indicator is to depict the state of charge of the battery. Thanks to active cooperation with BMS SMART, there is no need to set information about the type and voltage of the battery. These are downloaded automatically from the BMS.<\/li>\n<li>An additional feature is the activation of the BMS SMART (necessary when the BMS is first commissioned or disconnected from the package). To do this, simply press the button on the indicator, there is no longer a need for activation by connecting a charger or UART cable.<\/li>\n<li>The indicator does not require installing additional software, just connect it to the UART socket in BMS SMART H, K, M, S, 100Balance.<\/li>\n<li>Wska\u017anik nie wsp\u00f3\u0142pracuje z BMS SMART DALY wyposa\u017conymi w gniazdo LED12V. For these, there is dedicated <a href=\"https:\/\/onvolt.pl\/en\/?post_type=product&#038;p=8550\"><strong>3&#8243; LCD Voltage indicator<\/strong><\/a> available<\/li>\n<li>It is possible to turn off the indicator by holding the activation button for a longer time.<\/li>\n<\/ul>\n<p>&nbsp;<\/p>\n","protected":false},"excerpt":{"rendered":"<p><strong>LCD 3&#8243; Voltage indicator for BMS SMART Daly series H, K, M, S, 100Balance<\/strong><\/p>\n<p>&nbsp;<\/p>\n<p>&nbsp;<\/p>\n","protected":false},"featured_media":34333,"template":"","meta":{"_et_pb_use_builder":"","_et_pb_old_content":"","_et_gb_content_width":""},"product_brand":[],"product_cat":[818,1915],"product_tag":[883,871,872,881,875,870,877,868,878,879,873,882,880,874],"class_list":{"0":"post-16558","1":"product","2":"type-product","3":"status-publish","4":"has-post-thumbnail","6":"product_cat-accesories-for-bms","7":"product_cat-lcd-screens-and-voltage-indicators","8":"product_tag-balancer","9":"product_tag-battery-management-system","10":"product_tag-bms-module","11":"product_tag-bms-scheme","12":"product_tag-cell-protection-module","13":"product_tag-life-battery","14":"product_tag-life-cells","15":"product_tag-lifepo4-battery","16":"product_tag-lifepo4-cells","17":"product_tag-pcb-en","18":"product_tag-pcb-module","19":"product_tag-pcb-scheme","20":"product_tag-pcm-en","21":"product_tag-pcm-module","22":"pa_marka-daly-en","23":"pa_wymiary-92x52x18mm-en","25":"first","26":"instock","27":"taxable","28":"shipping-taxable","29":"purchasable","30":"product-type-simple"},"_links":{"self":[{"href":"https:\/\/onvolt.pl\/en\/wp-json\/wp\/v2\/product\/16558","targetHints":{"allow":["GET"]}}],"collection":[{"href":"https:\/\/onvolt.pl\/en\/wp-json\/wp\/v2\/product"}],"about":[{"href":"https:\/\/onvolt.pl\/en\/wp-json\/wp\/v2\/types\/product"}],"wp:featuredmedia":[{"embeddable":true,"href":"https:\/\/onvolt.pl\/en\/wp-json\/wp\/v2\/media\/34333"}],"wp:attachment":[{"href":"https:\/\/onvolt.pl\/en\/wp-json\/wp\/v2\/media?parent=16558"}],"wp:term":[{"taxonomy":"product_brand","embeddable":true,"href":"https:\/\/onvolt.pl\/en\/wp-json\/wp\/v2\/product_brand?post=16558"},{"taxonomy":"product_cat","embeddable":true,"href":"https:\/\/onvolt.pl\/en\/wp-json\/wp\/v2\/product_cat?post=16558"},{"taxonomy":"product_tag","embeddable":true,"href":"https:\/\/onvolt.pl\/en\/wp-json\/wp\/v2\/product_tag?post=16558"}],"curies":[{"name":"wp","href":"https:\/\/api.w.org\/{rel}","templated":true}]}}