{"id":15352,"date":"2024-03-24T16:37:11","date_gmt":"2024-03-24T15:37:11","guid":{"rendered":"https:\/\/onvolt.pl\/?post_type=product&#038;p=15352"},"modified":"2025-12-07T11:10:35","modified_gmt":"2025-12-07T10:10:35","slug":"on-off-switch-jk","status":"publish","type":"product","link":"https:\/\/onvolt.pl\/en\/products\/on-off-switch-jk\/","title":{"rendered":"ON\/OFF switch for BMS JK"},"content":{"rendered":"<p><b>ON\/OFF switch for BMS JK SMART <\/b><\/p>\n<p>standardowy wy\u0142\u0105cznik, b\u0119d\u0105cy elementem zestawu BMS.<\/p>\n<p>Sold separately as a spare part. When purchasing BMS JK, there is no need to purchase a separate switch, as it is a part of the set.<\/p>\n","protected":false},"excerpt":{"rendered":"<p>ON\/OFF switch for BMS SMART JK.<\/p>\n<p>&nbsp;<\/p>\n<p>&nbsp;<\/p>\n<p>&nbsp;<\/p>\n","protected":false},"featured_media":34395,"template":"","meta":{"_et_pb_use_builder":"","_et_pb_old_content":"","_et_gb_content_width":""},"product_brand":[],"product_cat":[818,1953,1598],"product_tag":[883,871,872,881,875,870,877,868,878,879,873,882,880,874],"class_list":{"0":"post-15352","1":"product","2":"type-product","3":"status-publish","4":"has-post-thumbnail","6":"product_cat-accesories-for-bms","7":"product_cat-cables-and-switches","8":"product_cat-new-in-deals","9":"product_tag-balancer","10":"product_tag-battery-management-system","11":"product_tag-bms-module","12":"product_tag-bms-scheme","13":"product_tag-cell-protection-module","14":"product_tag-life-battery","15":"product_tag-life-cells","16":"product_tag-lifepo4-battery","17":"product_tag-lifepo4-cells","18":"product_tag-pcb-en","19":"product_tag-pcb-module","20":"product_tag-pcb-scheme","21":"product_tag-pcm-en","22":"product_tag-pcm-module","23":"pa_marka-jk-bms-en","25":"first","26":"instock","27":"taxable","28":"shipping-taxable","29":"purchasable","30":"product-type-simple"},"_links":{"self":[{"href":"https:\/\/onvolt.pl\/en\/wp-json\/wp\/v2\/product\/15352","targetHints":{"allow":["GET"]}}],"collection":[{"href":"https:\/\/onvolt.pl\/en\/wp-json\/wp\/v2\/product"}],"about":[{"href":"https:\/\/onvolt.pl\/en\/wp-json\/wp\/v2\/types\/product"}],"wp:featuredmedia":[{"embeddable":true,"href":"https:\/\/onvolt.pl\/en\/wp-json\/wp\/v2\/media\/34395"}],"wp:attachment":[{"href":"https:\/\/onvolt.pl\/en\/wp-json\/wp\/v2\/media?parent=15352"}],"wp:term":[{"taxonomy":"product_brand","embeddable":true,"href":"https:\/\/onvolt.pl\/en\/wp-json\/wp\/v2\/product_brand?post=15352"},{"taxonomy":"product_cat","embeddable":true,"href":"https:\/\/onvolt.pl\/en\/wp-json\/wp\/v2\/product_cat?post=15352"},{"taxonomy":"product_tag","embeddable":true,"href":"https:\/\/onvolt.pl\/en\/wp-json\/wp\/v2\/product_tag?post=15352"}],"curies":[{"name":"wp","href":"https:\/\/api.w.org\/{rel}","templated":true}]}}