{"id":7236,"date":"2020-10-29T12:45:02","date_gmt":"2020-10-29T11:45:02","guid":{"rendered":"https:\/\/onvolt.pl\/privacy-policy\/"},"modified":"2025-03-19T11:15:24","modified_gmt":"2025-03-19T10:15:24","slug":"privacy-policy","status":"publish","type":"page","link":"https:\/\/onvolt.pl\/en\/privacy-policy\/","title":{"rendered":"Privacy Policy"},"content":{"rendered":"<p>[et_pb_section fb_built=&#8221;1&#8243; admin_label=&#8221;section&#8221; _builder_version=&#8221;4.16&#8243; global_colors_info=&#8221;{}&#8221;][et_pb_row admin_label=&#8221;ditch&#8221; _builder_version=&#8221;4.16&#8243; background_size=&#8221;initial&#8221; background_position=&#8221;top_left&#8221; background_repeat=&#8221;repeat&#8221; global_colors_info=&#8221;{}&#8221;][et_pb_column type=&#8221;4_4&#8243; _builder_version=&#8221;4.16&#8243; custom_padding=&#8221;|||&#8221; global_colors_info=&#8221;{}&#8221; custom_padding__hover=&#8221;|||&#8221;][et_pb_text admin_label=&#8221;Text&#8221; _builder_version=&#8221;4.27.4&#8243; background_size=&#8221;initial&#8221; background_position=&#8221;top_left&#8221; background_repeat=&#8221;repeat&#8221; hover_enabled=&#8221;0&#8243; global_colors_info=&#8221;{}&#8221; sticky_enabled=&#8221;0&#8243;]<\/p>\n<h3><span style=\"color: #000000;\"><strong>PRIVACY AND COOKIES POLICY<\/strong><\/span><\/h3>\n<p><span style=\"color: #000000;\"> <\/span><\/p>\n<p><span style=\"color: #000000;\">The Privacy Policy sets forth the rules for the collection, processing and use of personal data obtained from Customers through the online store, operating at https:\/\/onvolt.pl (hereinafter: &#8220;Online Store&#8221;).<\/span><\/p>\n<p><span style=\"color: #000000;\">Personal data provided by Customers are processed in a manner consistent with the scope of permission granted by the Customers and legal requirements, in particular in accordance with the Regulation of the European Parliament and of the Council (EU) 2016\/679 of April 27, 2016. on the protection of individuals with regard to the processing of personal data and on the free movement of such data and the repeal of Directive 95\/46\/EC (hereinafter : &#8220;RODO&#8221;).<\/span><\/p>\n<p><span style=\"color: #000000;\"> <\/span><\/p>\n<h4><span style=\"color: #000000;\"><strong>Data administration<\/strong><\/span><\/h4>\n<p><span style=\"color: #000000;\"> <\/span><\/p>\n<p><span style=\"color: #000000;\">The administrator of the data collected through the Internet Store is OnVolt Urba\u0144ski Sp\u00f3\u0142ka Komandytowa, based in \u0141\u00f3d\u017a (94-127, 136 P\u0142ywacka Street), on the basis of the entry in the Central Register of Business Activity and Information, NIP: 7272883365, <\/span><span style=\"color: #000000;\">REGON: 540013303, e-mail address: <a style=\"color: #000000;\" href=\"mailto:sklep@onvolt.pl\">sklep@onvolt.pl<\/a> &#8211; hereinafter referred to as the &#8220;Administrator&#8221; and being at the same time the Service Provider of the Internet Shop and the Seller.<\/span><\/p>\n<p><span style=\"color: #000000;\">The controller shall exercise special care to protect the interests of data subjects, and in particular shall ensure that the data it collects are processed lawfully; collected for specified, legitimate purposes and not subjected to further processing incompatible with those purposes; substantively correct and adequate in relation to the purposes for which they are processed; and stored in a form that allows the identification of data subjects for no longer than is necessary to achieve the purpose of the processing.<\/span><\/p>\n<p><span style=\"color: #000000;\"> <\/span><\/p>\n<h4><span style=\"color: #000000;\"><strong>Purpose of data acquisition<\/strong><\/span><\/h4>\n<p><span style=\"color: #000000;\"> <\/span><\/p>\n<p><span style=\"color: #000000;\">Personal data collected by the Administrator will be processed for the purpose of establishing and maintaining a customer account, processing orders placed in the online store www.onvolt.pl on the basis of Art. 6 paragraph. 1(b) of the DPA and for the purpose of direct communication on the basis of Art. 6 paragraph. 1(f) of the RODO, which also constitutes a legitimate interest of the Company.<\/span><\/p>\n<p><span style=\"color: #000000;\">If a separate consent is given, personal data will also be processed to receive commercial information sent by the Administrator to the provided e-mail address, based on Art. 6 paragraph. 1(a) of the General Data Protection Regulation in conjunction with. from Art. 10 paragraph. 1 of the Law on Provision of Electronic Services. These materials relate exclusively to the offer of the Online Store.<\/span><\/p>\n<p><span style=\"color: #000000;\">The Administrator may process the following personal data of Customers: first and last name; e-mail address; contact telephone number; delivery address (street, house number, apartment number, postal code, city, country), address of residence\/business\/site (if different from delivery address). In the case of non-consumer Customers, the Administrator may additionally process the company name and tax identification number (TIN) of the Customer.<\/span><\/p>\n<p><span style=\"color: #000000;\">Providing personal data indicated above may be necessary to conclude and perform a Sales Agreement or an agreement for the provision of Electronic Services in the online store, operating at <a style=\"color: #000000;\" href=\"https:\/\/onvolt.pl.\">https:\/\/onvolt.pl.<\/a><\/span><\/p>\n<p><span style=\"color: #000000;\"> <\/span><\/p>\n<h4><span style=\"color: #000000;\"><strong>Data retention period<\/strong><\/span><\/h4>\n<p><span style=\"color: #000000;\"> <\/span><\/p>\n<p><span style=\"color: #000000;\">Collected personal data will be stored for the period of remaining a registered user of the online store operating at https:\/\/onvolt.pl\/, and after resigning from being a user of the online store &#8211; for the period necessary to exercise any rights of the seller under the sales contract, including the assertion of claims.<\/span><\/p>\n<p><span style=\"color: #000000;\">If you use the online store without registration, your personal data will be stored for the period necessary to exercise any rights the seller has under the sales contract, including the assertion of claims.<\/span><\/p>\n<p><span style=\"color: #000000;\"> <\/span><\/p>\n<h4><span style=\"color: #000000;\"><strong>Recipients of data<\/strong><\/span><\/h4>\n<p><span style=\"color: #000000;\"> <\/span><\/p>\n<p><span style=\"color: #000000;\">In the case of a Customer who uses OnVolt&#8217;s method of delivery by mail or courier service, the Administrator shall make the collected personal data of the Customer available to the selected carrier or intermediary performing shipments on behalf of the Administrator.<\/span><\/p>\n<p><span style=\"color: #000000;\">In the case of a Customer who uses the electronic or credit card payment method in OnVolt, the Administrator shall make the collected personal data of the Customer available to the selected entity handling the above payments in OnVolt.<\/span><\/p>\n<p><span style=\"color: #000000;\">OnVolt may also transfer data to suppliers to whom it outsources personal data processing services, such as IT service providers. Such entities process data under contract with OnVolt and only in accordance with its instructions.<\/span><\/p>\n<p><span style=\"color: #000000;\">In the event of an inspection, in accordance with the Data Protection Law, the customer&#8217;s data may be made available to the inspectors.<\/span><\/p>\n<p><span style=\"color: #000000;\"> <\/span><\/p>\n<h4><span style=\"color: #000000;\"><strong>Transfer of data to third countries<\/strong><\/span><\/h4>\n<p><span style=\"color: #000000;\"> <\/span><\/p>\n<p><span style=\"color: #000000;\">The Administrator does not transfer the collected data outside the European Economic Area, unless the delivery of the Goods at the express request of the Customer is to be made outside this area.<\/span><\/p>\n<p><span style=\"color: #000000;\">The transfer of personal data outside the European Economic Area is carried out upon fulfillment of one of the following conditions:<\/span><\/p>\n<ol>\n<li><span style=\"color: #000000;\">processing is carried out by an entity for which a decision has been issued stating the appropriate degree of protection<\/span><\/li>\n<li><span style=\"color: #000000;\">processing is carried out by an entity that participates in the Privacy Shield Program,<\/span><\/li>\n<li><span style=\"color: #000000;\">processing is carried out by the entity under binding corporate rules.<\/span><\/li>\n<\/ol>\n<p><span style=\"color: #000000;\"> <\/span><\/p>\n<h4><span style=\"color: #000000;\"><strong>Data security<\/strong><\/span><\/h4>\n<p><span style=\"color: #000000;\"> <\/span><\/p>\n<p><span style=\"color: #000000;\">Personal data is stored on secured servers. Selected employees have access to the data. The place and manner in which the data is kept is to ensure its full security.<\/span><\/p>\n<p><span style=\"color: #000000;\"> <\/span><\/p>\n<h4><span style=\"color: #000000;\"><strong>Customers&#8217; rights related to personal data processing and automated decision-making<\/strong><\/span><\/h4>\n<p><span style=\"color: #000000;\"> <\/span><\/p>\n<p><span style=\"color: #000000;\">Customers have the following rights related to the processing of personal data:<\/span><\/p>\n<ol>\n<li><span style=\"color: #000000;\">The right to withdraw consent to data processing,<\/span><\/li>\n<li><span style=\"color: #000000;\">The right to access and receive copies of personal data,<\/span><\/li>\n<li><span style=\"color: #000000;\">The right to request rectification (amendment) of personal data,<\/span><\/li>\n<li><span style=\"color: #000000;\">The right to request deletion of personal data,<\/span><\/li>\n<li><span style=\"color: #000000;\">The right to request restrictions on the processing of personal data,<\/span><\/li>\n<li><span style=\"color: #000000;\">The right to object to the processing of data due to a particular situation that justifies the cessation of processing covered by the objection,<\/span><\/li>\n<li><span style=\"color: #000000;\">The right to portability of personal data, i.e. The right to receive personal data, in a structured, commonly used machine-readable computer format. The right to data portability applies only to those data that are processed under contract or on the basis of consent.<\/span><\/li>\n<\/ol>\n<p><span style=\"color: #000000;\">To exercise the above rights, the Customer should contact the Administrator &#8211; contact details above. In order to be sure that the Administrator is contacted and the person authorized to make the request, the Administrator may ask for additional information to enable effective authentication and identification.<\/span><\/p>\n<p><span style=\"color: #000000;\"> <\/span><\/p>\n<h4><span style=\"color: #000000;\"><strong>Right to withdraw consent<\/strong><\/span><\/h4>\n<p><span style=\"color: #000000;\"> <\/span><\/p>\n<p><span style=\"color: #000000;\">To the extent that data is processed on the basis of consent, such consent may be withdrawn at any time. Withdrawal of consent does not affect the lawfulness of processing carried out on the basis of consent before its withdrawal. You can withdraw your consent by sending a statement withdrawing your consent to the mailing address or to our email address.<\/span><\/p>\n<p><span style=\"color: #000000;\"> <\/span><\/p>\n<h4><span style=\"color: #000000;\"><strong>The right to lodge a complaint with the authority<\/strong><\/span><\/h4>\n<p><span style=\"color: #000000;\"> <\/span><\/p>\n<p><span style=\"color: #000000;\">The customer also has the right to file a complaint with the supervisory authority in charge of personal data protection, i.e. President of the Office for Personal Data Protection.<\/span><\/p>\n<p><span style=\"color: #000000;\"> <\/span><\/p>\n<h4><span style=\"color: #000000;\"><strong>Anonymous data and push notifications<\/strong><\/span><\/h4>\n<p><span style=\"color: #000000;\"> <\/span><\/p>\n<p><span style=\"color: #000000;\">When using the website at https:\/\/onvolt.pl, anonymous information such as IP address, domain name, browser type, device type, operating system type, etc. is automatically collected on the server. The information contained on the server is used in particular for the following purposes: technical and administration of the online store, to ensure the security of the online store, to implement the provisions of the Terms and Conditions, to protect the law. Besides, the information is used to collect statistical or marketing information.<\/span><\/p>\n<p><span style=\"color: #000000;\"> <\/span><\/p>\n<h4><span style=\"color: #000000;\"><strong>Cookie policy<\/strong><\/span><\/h4>\n<p><span style=\"color: #000000;\"> <\/span><\/p>\n<p><span style=\"color: #000000;\">The store also uses the so-called. cookies (cookies). These files are stored on the customer&#8217;s computer by the server and provide statistical data about the customer&#8217;s activity, in order to match the offer to the customer&#8217;s individual needs and tastes. The customer can disable the option of accepting cookies in his\/her web browser at any time, although he\/she must be aware that in some cases disconnecting these files may make it difficult to use the offer of the Online Store.<\/span><\/p>\n<p><span style=\"color: #000000;\"> <\/span><\/p>\n<h4><span style=\"color: #000000;\"><strong>Other information<\/strong><\/span><\/h4>\n<p><span style=\"color: #000000;\"> <\/span><\/p>\n<p><span style=\"color: #000000;\">If the Store&#8217;s website includes links leading to other websites not administered by the Store, the Store cannot be responsible either for the content of those sites or for the degree of privacy protection implemented by the administrators of those sites. When deciding to switch to such sites, the customer does so at his own risk. The store encourages, by the way, to read the privacy policy implemented by these sites before the customer shares his or her personal information with them.<\/span><\/p>\n<p><span style=\"color: #000000;\">The store also collects anonymous statistical data about the pages visited. This data is used only for statistical analysis of traffic on the Store&#8217;s pages. The Google Analytics privacy policy can be found at: www.google.com.<\/span><\/p>\n<p><span style=\"color: #000000;\">Please submit any questions, requests and suggestions relating to privacy, especially personal data, to <a style=\"color: #000000;\" href=\"mailto:sklep@onvolt.pl\">sklep@onvolt.pl<\/a>.<\/span><\/p>\n<p><span style=\"color: #000000;\">Any changes to the Privacy Policy will be published on this page, and the Store will inform you of significant changes in a more prominent manner (for some services including sending an e-mail notification informing you of changes to the Privacy Policy).<\/span><\/p>\n<p><span style=\"color: #000000;\"> <\/span><\/p>\n<h3 style=\"text-align: center;\"><span style=\"color: #000000;\"><strong>Policy on the use of cookies<\/strong><\/span><\/h3>\n<p><span style=\"color: #000000;\">This Policy defines the principles of storing and accessing information on User&#8217;s devices with the use of cookies for the implementation of services provided electronically requested by the User, by OnVolt Urba\u0144ski Sp. k. based in Lodz.  <\/span><\/p>\n<h4 style=\"text-align: center;\"><span style=\"color: #000000;\"><strong>I. Definitions<\/strong><\/span><\/h4>\n<ol>\n<li><span style=\"color: #000000;\"><strong>Administrator<\/strong> &#8211; means OnVolt Urba\u0144ski Sp. k. based in \u0141\u00f3d\u017a (94-127), 136 P\u0142ywacka St., NIP: 7272883365, REGON: 540013303, which provides services electronically and stores and accesses information in User&#8217;s devices.   <\/span><\/li>\n<li><span style=\"color: #000000;\"><strong>Cookies<\/strong> &#8211; means computer data, in particular small text files, recorded and stored on the devices through which the User uses the websites of the Service.<\/span><\/li>\n<li><span style=\"color: #000000;\"><strong>Custom Cookies<\/strong> &#8211; means Cookies placed by the Administrator, related to the provision of electronic services by the Administrator through the Service.<\/span><\/li>\n<li><span style=\"color: #000000;\"><strong>External Cookies<\/strong> &#8211; means Cookies placed by the Administrator&#8217;s partners, through the Website of the Service.<\/span><\/li>\n<li><span style=\"color: #000000;\"><strong>Service<\/strong> &#8211; means the website under which the Administrator operates the Internet service, operating in the domain(s) onvolt.pl .<\/span><\/li>\n<li><span style=\"color: #000000;\"><strong>Device<\/strong> &#8211; means an electronic device through which the User accesses the Service.<\/span><\/li>\n<li><span style=\"color: #000000;\"><strong>User<\/strong> &#8211; means an entity to whom, in accordance with the Regulations and legal regulations, electronic services may be provided or with whom an Agreement for the provision of electronic services may be concluded.<\/span><\/li>\n<\/ol>\n<h4 style=\"text-align: center;\"><span style=\"color: #000000;\"><strong>II. Types of cookies used<\/strong><\/span><\/h4>\n<ol>\n<li><span style=\"color: #000000;\">Cookies used by the Administrator are safe for the User&#8217;s Device. In particular, it is not possible through this route for viruses or other unwanted software or malware to enter the Users&#8217; Devices. These files allow us to identify the software used by the User and customize the Service individually for each User. Cookies usually contain the name of the domain from which they originate, the time they are stored on the Device and the assigned value.<\/span><\/li>\n<li><span style=\"color: #000000;\">The administrator uses two types of cookies:<\/span>\n<ul>\n<li><span style=\"color: #000000;\">Session cookies: are stored on the User&#8217;s Device and remain there until the session of a given browser ends. The stored information is then permanently deleted from the Device&#8217;s memory. The mechanism of session cookies does not allow the collection of any personal data or any confidential information from the User&#8217;s Device.<\/span><\/li>\n<li><span style=\"color: #000000;\">Persistent Cookies: are stored on the User&#8217;s Device and remain there until deleted. Ending the session of a given browser or turning off the Device does not remove them from the User&#8217;s Device. The mechanism of persistent cookies does not allow the collection of any personal data or any confidential information from the User&#8217;s Device.<\/span><\/li>\n<\/ul>\n<\/li>\n<li><span style=\"color: #000000;\">You have the ability to restrict or disable access of cookies to your Device. If you use this option, the use of the Website will be possible, except for functions that by their nature require cookies.<\/span><\/li>\n<\/ol>\n<h4 style=\"text-align: center;\"><span style=\"color: #000000;\"><strong>III. The purposes for which cookies are used<\/strong><\/span><\/h4>\n<ol>\n<li><span style=\"color: #000000;\">The Administrator uses Custom Cookies for the following purposes:<\/span>\n<ol>\n<li><span style=\"color: #000000;\">Service configuration<\/span>\n<ul>\n<li><span style=\"color: #000000;\">adapting the content of the Website&#8217;s pages to the User&#8217;s preferences and optimizing the use of the Website&#8217;s pages;<\/span><\/li>\n<li><span style=\"color: #000000;\">to recognize the Service User&#8217;s device and its location and appropriately display the website, tailored to his\/her individual needs;<\/span><\/li>\n<li><span style=\"color: #000000;\">To remember the settings selected by the User and personalize the User&#8217;s interface, e.g. with regard to the selected language or the region from which the User comes;<\/span><\/li>\n<li><span style=\"color: #000000;\">to remember the history of pages visited on the site for content recommendations;<\/span><\/li>\n<li><span style=\"color: #000000;\">font size, website design, etc.<\/span><\/li>\n<\/ul>\n<\/li>\n<li><span style=\"color: #000000;\">Authenticating the user on the site and ensuring the user&#8217;s session on the site<\/span>\n<ul>\n<li><span style=\"color: #000000;\">maintaining the session of the Service User (after logging in), thanks to which the User does not have to re-enter his\/her login and password on each sub-page of the Service;<\/span><\/li>\n<li><span style=\"color: #000000;\">correct configuration of selected functions of the Website, enabling in particular verification of the authenticity of a browser session;<\/span><\/li>\n<li><span style=\"color: #000000;\">Optimize and increase the efficiency of the services provided by the Administrator.<\/span><\/li>\n<\/ul>\n<\/li>\n<li><span style=\"color: #000000;\">Realization of processes necessary for full functionality of websites<\/span>\n<ul>\n<li><span style=\"color: #000000;\">adapting the content of the Website&#8217;s pages to the User&#8217;s preferences and optimizing the use of the Website&#8217;s pages. In particular, these files allow to recognize the basic parameters of the User&#8217;s Device and appropriately display the website, tailored to its individual needs;<\/span><\/li>\n<li><span style=\"color: #000000;\">correct operation of the affiliate program, allowing in particular to verify the sources of redirection of Users to the Website.<\/span><\/li>\n<\/ul>\n<\/li>\n<li><span style=\"color: #000000;\">Remembering the user&#8217;s location<\/span>\n<ul>\n<li><span style=\"color: #000000;\">correct configuration of selected functions of the Website, allowing in particular to adjust the information provided to the User taking into account his\/her location.<\/span><\/li>\n<\/ul>\n<\/li>\n<li><span style=\"color: #000000;\">Analysis and research and audience audit<\/span>\n<ul>\n<li><span style=\"color: #000000;\">creation of anonymous statistics, which help to understand how the Service&#8217;s Users use the Service&#8217;s websites, which allows to improve their structure and content.<\/span><\/li>\n<\/ul>\n<\/li>\n<li><span style=\"color: #000000;\">Provision of advertising services<\/span>\n<ul>\n<li><span style=\"color: #000000;\">customization of advertisements presented through the Service for third-party services and products;<\/span><\/li>\n<\/ul>\n<\/li>\n<li><span style=\"color: #000000;\">Ensure the safety and reliability of the service<\/span><\/li>\n<\/ol>\n<\/li>\n<li><span style=\"color: #000000;\">The service administrator uses External Cookies for the following purposes:<\/span>\n<ol>\n<li><span style=\"color: #000000;\">Collect general and anonymous static data through analytical tools:<\/span>\n<ul>\n<li><span style=\"color: #000000;\">Google Analytics [cookie administrator: Google Inc. based in the USA].<\/span><\/li>\n<li><span style=\"color: #000000;\">Yandex Metrica [cookie administrator: Yandex LLC, based in Russia].<\/span><\/li>\n<li><span style=\"color: #000000;\">Facebook Pixel [cookie administrator: Meta Platforms Inc. based in the USA and Meta Platforms Ireland Limited based in Ireland]<\/span><\/li>\n<\/ul>\n<\/li>\n<li><span style=\"color: #000000;\">Present ads tailored to the User&#8217;s preferences using an online advertising tool:<\/span>\n<ul>\n<li><span style=\"color: #000000;\">Google AdSense [cookie administrator: Google Inc, based in the USA].<\/span><\/li>\n<li><span style=\"color: #000000;\">Facebook Ads [cookie administrator: Meta Platforms Inc. based in the USA and Meta Platforms Ireland Limited based in Ireland]<\/span><\/li>\n<\/ul>\n<\/li>\n<li><span style=\"color: #000000;\">Use of interactive features to popularize the service through social networks:<\/span>\n<ul>\n<li><span style=\"color: #000000;\">Facebook.com [cookie administrator: Meta Platforms Inc. based in the USA and Meta Platforms Ireland Limited based in Ireland]<\/span><\/li>\n<li><span style=\"color: #000000;\">Instagram.com[cookie administrator: Meta Platforms Inc. based in the USA and Meta Platforms Ireland Limited based in Ireland]<\/span><\/li>\n<\/ul>\n<\/li>\n<\/ol>\n<\/li>\n<\/ol>\n<p><span style=\"color: #000000;\"> <\/span><\/p>\n<h4 style=\"text-align: center;\"><span style=\"color: #000000;\"><strong>IV. Possibilities to determine the conditions for storing or accessing Cookies<\/strong><\/span><\/h4>\n<ol>\n<li><span style=\"color: #000000;\">The User may independently and at any time change the settings for cookies, specifying the conditions for storing and accessing by cookies to the User&#8217;s Device. Changes to the settings referred to in the preceding sentence can be made by the User through the settings of the Internet browser or through the configuration of the service. These settings can be changed, in particular, in such a way as to block the automatic handling of cookies in the settings of your web browser or inform you of the placement of cookies on your device each time. Detailed information about the possibility and methods of handling cookies is available in the settings of your software (web browser).<\/span><\/li>\n<li><span style=\"color: #000000;\">The user can delete cookies at any time using the available functions in the web browser he uses.<\/span><\/li>\n<li><span style=\"color: #000000;\">Restricting the use of cookies, may affect some of the functionality available on the Website.<\/span><\/li>\n<\/ol>\n<p><span style=\"color: #000000;\"> <\/span><\/p>\n<p>[\/et_pb_text][\/et_pb_column][\/et_pb_row][\/et_pb_section]<\/p>\n","protected":false},"excerpt":{"rendered":"<p>PRIVACY AND COOKIES POLICY The Privacy Policy sets forth the rules for the collection, processing and use of personal data obtained from Customers through the online store, operating at https:\/\/onvolt.pl (hereinafter: &#8220;Online Store&#8221;). Personal data provided by Customers are processed in a manner consistent with the scope of permission granted by the Customers and legal [&hellip;]<\/p>\n","protected":false},"author":1,"featured_media":0,"parent":0,"menu_order":0,"comment_status":"closed","ping_status":"open","template":"","meta":{"_et_pb_use_builder":"on","_et_pb_old_content":"","_et_gb_content_width":"","footnotes":""},"class_list":["post-7236","page","type-page","status-publish","hentry"],"_links":{"self":[{"href":"https:\/\/onvolt.pl\/en\/wp-json\/wp\/v2\/pages\/7236","targetHints":{"allow":["GET"]}}],"collection":[{"href":"https:\/\/onvolt.pl\/en\/wp-json\/wp\/v2\/pages"}],"about":[{"href":"https:\/\/onvolt.pl\/en\/wp-json\/wp\/v2\/types\/page"}],"author":[{"embeddable":true,"href":"https:\/\/onvolt.pl\/en\/wp-json\/wp\/v2\/users\/1"}],"replies":[{"embeddable":true,"href":"https:\/\/onvolt.pl\/en\/wp-json\/wp\/v2\/comments?post=7236"}],"version-history":[{"count":7,"href":"https:\/\/onvolt.pl\/en\/wp-json\/wp\/v2\/pages\/7236\/revisions"}],"predecessor-version":[{"id":25196,"href":"https:\/\/onvolt.pl\/en\/wp-json\/wp\/v2\/pages\/7236\/revisions\/25196"}],"wp:attachment":[{"href":"https:\/\/onvolt.pl\/en\/wp-json\/wp\/v2\/media?parent=7236"}],"curies":[{"name":"wp","href":"https:\/\/api.w.org\/{rel}","templated":true}]}}