{"id":7200,"date":"2021-01-20T10:58:37","date_gmt":"2021-01-20T09:58:37","guid":{"rendered":"https:\/\/onvolt.pl\/returns-and-complaints\/"},"modified":"2025-03-19T11:18:31","modified_gmt":"2025-03-19T10:18:31","slug":"returns-and-complaints","status":"publish","type":"page","link":"https:\/\/onvolt.pl\/en\/returns-and-complaints\/","title":{"rendered":"Returns and complaints"},"content":{"rendered":"<p>[et_pb_section fb_built=&#8221;1&#8243; _builder_version=&#8221;4.16&#8243; _module_preset=&#8221;default&#8221; global_colors_info=&#8221;{}&#8221;][et_pb_row _builder_version=&#8221;4.16&#8243; _module_preset=&#8221;default&#8221; global_colors_info=&#8221;{}&#8221;][et_pb_column type=&#8221;4_4&#8243; _builder_version=&#8221;4.16&#8243; _module_preset=&#8221;default&#8221; global_colors_info=&#8221;{}&#8221;][et_pb_text _builder_version=&#8221;4.27.4&#8243; _module_preset=&#8221;default&#8221; text_orientation=&#8221;justified&#8221; hover_enabled=&#8221;0&#8243; global_colors_info=&#8221;{}&#8221; sticky_enabled=&#8221;0&#8243;]<\/p>\n<h2><span style=\"color: #000000;\"><strong><br \/>\n  <em>Return<\/em><br \/>\n<\/strong> &#8211; You can return the goods purchased from us within 14 days, without giving any reason. This period begins with the delivery of the Product to the Consumer or a person other than the carrier designated by the Consumer.<\/span><\/h2>\n<h2 style=\"text-align: left;\"><span style=\"color: #000000;\">In order to take advantage of the return, it is required to submit a declaration of withdrawal from the contract (<span style=\"text-decoration: underline;\"><a style=\"color: #000000; text-decoration: underline;\" href=\"https:\/\/onvolt.pl\/wp-content\/uploads\/2024\/03\/Formularz_zwrotu_onvolt.pdf\">form<\/a> <\/span>download<span style=\"text-decoration: underline;\"><a style=\"color: #000000; text-decoration: underline;\" href=\"https:\/\/onvolt.pl\/wp-content\/uploads\/2024\/03\/Formularz_zwrotu_onvolt.pdf\"> here<\/a><\/span>). Such statement should be sent to us by e-mail to <span style=\"text-decoration: underline;\"><a style=\"color: #000000; text-decoration: underline;\" href=\"mailto:sklep@onvolt.pl\">sklep@onvolt.pl<\/a><\/span> or by regular mail to: OnVolt Urbanski Sp. k. \/ OnVolt.pl, \u0141abentowicza 10, 95-050 Konstantyn\u00f3w \u0141\u00f3dzki.    Detailed information regarding the return of goods is part of <a style=\"color: #000000;\" href=\"https:\/\/onvolt.pl\/en\/regulations\/\"><span style=\"text-decoration: underline;\">Store regulations<\/span><\/a><\/span><\/h2>\n<p>[\/et_pb_text][et_pb_text _builder_version=&#8221;4.27.4&#8243; _module_preset=&#8221;default&#8221; text_orientation=&#8221;justified&#8221; global_colors_info=&#8221;{}&#8221;]<\/p>\n<h2><span style=\"color: #000000;\"><strong><br \/>\n  <em>Complaint<\/em><br \/>\n<\/strong> &#8211; We make every effort to ensure that the products and services we offer are of the highest quality and meet your expectations. However, if you are not satisfied with their performance, or have noticed another defect, please feel free to contact us to solve the problem.<\/span><\/h2>\n<ul>\n<li>\n<h2><span style=\"color: #000000;\">First of all, we would ask you to contact us by email <span style=\"text-decoration: underline;\"><a style=\"color: #000000; text-decoration: underline;\" href=\"mailto:sklep@onvolt.pl\">sklep@onvolt.pl<\/a><\/span> or by phone 505 353 885. We may be able to help solve the problem without having to ship the product.<\/span><\/h2>\n<\/li>\n<li>\n<h2><span style=\"color: #000000;\">If you need to send the product to us, please describe the problem, provide the invoice or receipt number, expectations of how the complaint will be handled, carefully packaged with the<span style=\"text-decoration: underline;\"><a style=\"color: #000000; text-decoration: underline;\" href=\"https:\/\/onvolt.pl\/wp-content\/uploads\/2024\/03\/Formularz_reklamacji_onvolt.pdf\"> complaint form<\/a><\/span> (available <span style=\"text-decoration: underline;\"><a style=\"color: #000000; text-decoration: underline;\" href=\"https:\/\/onvolt.pl\/wp-content\/uploads\/2024\/03\/Formularz_reklamacji_onvolt.pdf\">here<\/a><\/span>) and send the product to us at:<\/span><\/h2>\n<\/li>\n<\/ul>\n<h2><span style=\"color: #000000;\">OnVolt Urba\u0144ski Sp. k. \/ OnVolt.pl  <\/span><br \/><span style=\"color: #000000;\">\u0141abentowicza 10<\/span><\/h2>\n<h2><span style=\"color: #000000;\">95-050 Konstantyn\u00f3w \u0141\u00f3dzki<\/span><\/h2>\n<p>[\/et_pb_text][\/et_pb_column][\/et_pb_row][\/et_pb_section]<\/p>\n","protected":false},"excerpt":{"rendered":"<p>Return &#8211; You can return the goods purchased from us within 14 days, without giving any reason. This period begins with the delivery of the Product to the Consumer or a person other than the carrier designated by the Consumer. In order to take advantage of the return, it is required to submit a declaration [&hellip;]<\/p>\n","protected":false},"author":1,"featured_media":0,"parent":0,"menu_order":0,"comment_status":"closed","ping_status":"closed","template":"","meta":{"_et_pb_use_builder":"on","_et_pb_old_content":"","_et_gb_content_width":"","footnotes":""},"class_list":["post-7200","page","type-page","status-publish","hentry"],"_links":{"self":[{"href":"https:\/\/onvolt.pl\/en\/wp-json\/wp\/v2\/pages\/7200","targetHints":{"allow":["GET"]}}],"collection":[{"href":"https:\/\/onvolt.pl\/en\/wp-json\/wp\/v2\/pages"}],"about":[{"href":"https:\/\/onvolt.pl\/en\/wp-json\/wp\/v2\/types\/page"}],"author":[{"embeddable":true,"href":"https:\/\/onvolt.pl\/en\/wp-json\/wp\/v2\/users\/1"}],"replies":[{"embeddable":true,"href":"https:\/\/onvolt.pl\/en\/wp-json\/wp\/v2\/comments?post=7200"}],"version-history":[{"count":12,"href":"https:\/\/onvolt.pl\/en\/wp-json\/wp\/v2\/pages\/7200\/revisions"}],"predecessor-version":[{"id":25202,"href":"https:\/\/onvolt.pl\/en\/wp-json\/wp\/v2\/pages\/7200\/revisions\/25202"}],"wp:attachment":[{"href":"https:\/\/onvolt.pl\/en\/wp-json\/wp\/v2\/media?parent=7200"}],"curies":[{"name":"wp","href":"https:\/\/api.w.org\/{rel}","templated":true}]}}